{"id":8,"date":"2025-12-23T14:55:29","date_gmt":"2025-12-23T20:55:29","guid":{"rendered":"https:\/\/appdeportiva.com\/?page_id=8"},"modified":"2026-01-01T12:12:47","modified_gmt":"2026-01-01T18:12:47","slug":"app-deportiva-el-siguiente-paso-en-torneos","status":"publish","type":"page","link":"https:\/\/appdeportiva.com\/","title":{"rendered":"App Deportiva &#8211; El siguiente paso en torneos"},"content":{"rendered":"\n<h2 class=\"wp-block-heading has-text-align-center\"><strong>El siguiente paso en Torneos<\/strong><\/h2>\n\n\n\n<div class=\"wp-block-query is-layout-flow wp-block-query-is-layout-flow\"><ul class=\"wp-block-post-template is-layout-flow wp-block-post-template-is-layout-flow\"><li class=\"wp-block-post post-28 post type-post status-publish format-standard hentry category-uncategorized\">\n\n\n<h2 class=\"wp-block-post-title\"><a href=\"https:\/\/appdeportiva.com\/index.php\/2026\/01\/01\/2026-ultimas-actualizaciones\/\" target=\"_self\" >1 Enero 2026 &#8211; \u00daltimas actualizaciones<\/a><\/h2>\n\n<div class=\"entry-content wp-block-post-content is-layout-flow wp-block-post-content-is-layout-flow\">\n<h2 class=\"wp-block-heading\"><strong>1. Ambiente de producci\u00f3n<\/strong><\/h2>\n\n\n\n<p>Tenemos 3 ambientes de desarrollo: Dev, Stage y Producci\u00f3n<\/p>\n\n\n\n<p>Cada uno tiene su propio dominio y base de datos<\/p>\n\n\n\n<p><a href=\"https:\/\/dev.appdeportiva.com\/ \">https:\/\/dev.appdeportiva.com\/ <\/a> &#8211; Aqu\u00ed estaremos probando funciones nuevas. Es para los desarrolladores<\/p>\n\n\n\n<p><a href=\"https:\/\/stage.appdeportiva.com\/\">https:\/\/stage.appdeportiva.com\/<\/a> &#8211; Este es un ambiente igual al de producci\u00f3n en donde podemos comprobar que los cambios no romperan algo cuando lleguen a producci\u00f3n. <\/p>\n\n\n\n<p><a href=\"https:\/\/mi.appdeportiva.com\/\">https:\/\/mi.appdeportiva.com\/<\/a> &#8211; \u00c9ste es el ambiente oficial de la aplicaci\u00f3n . \u00c9sta base de datos nunca se borrar\u00e1. <\/p>\n\n\n\n<h2 class=\"wp-block-heading\"><strong>2. Exportar \/ Importar<\/strong><\/h2>\n\n\n\n<p>Nos estamos concentrando en exportar e importar:<\/p>\n\n\n\n<ol class=\"wp-block-list\">\n<li><strong>Categorias<\/strong> &#8211; Listo (Exportar \/ Importar)<\/li>\n\n\n\n<li><strong>Clubes<\/strong> &#8211; Listo (Exportar \/ Importar)<\/li>\n\n\n\n<li>Equipos &#8211; Exportar<\/li>\n\n\n\n<li>Jugadores &#8211; Exportar<\/li>\n<\/ol>\n\n\n\n<p>Para poder trasladar la informaci\u00f3n de stage.appdeportiva.com a mi.appdeportiva.com<\/p>\n\n\n\n<h2 class=\"wp-block-heading\">3. Foro de Ayuda<\/h2>\n\n\n\n<p>Aqu\u00ed se pueden reportar las fallas y solicitudes para la aplicaci\u00f3n.<\/p>\n\n\n\n<div class=\"wp-block-buttons is-layout-flex wp-block-buttons-is-layout-flex\">\n<div class=\"wp-block-button\"><a class=\"wp-block-button__link wp-element-button\" href=\"https:\/\/ayuda.appdeportiva.com\/\">Ir al centro de ayuda<\/a><\/div>\n<\/div>\n\n\n\n<p><\/p>\n<\/div>\n\n\n<hr class=\"wp-block-separator has-css-opacity\"\/>\n\n\n<div class=\"wp-block-post-date\"><time datetime=\"2026-01-01T12:04:54-06:00\">enero 1, 2026<\/time><\/div>\n<\/li><\/ul><\/div>\n","protected":false},"excerpt":{"rendered":"<p>El siguiente paso en Torneos<\/p>\n","protected":false},"author":1,"featured_media":0,"parent":0,"menu_order":0,"comment_status":"closed","ping_status":"closed","template":"","meta":{"footnotes":""},"class_list":["post-8","page","type-page","status-publish","hentry"],"_links":{"self":[{"href":"https:\/\/appdeportiva.com\/index.php\/wp-json\/wp\/v2\/pages\/8","targetHints":{"allow":["GET"]}}],"collection":[{"href":"https:\/\/appdeportiva.com\/index.php\/wp-json\/wp\/v2\/pages"}],"about":[{"href":"https:\/\/appdeportiva.com\/index.php\/wp-json\/wp\/v2\/types\/page"}],"author":[{"embeddable":true,"href":"https:\/\/appdeportiva.com\/index.php\/wp-json\/wp\/v2\/users\/1"}],"replies":[{"embeddable":true,"href":"https:\/\/appdeportiva.com\/index.php\/wp-json\/wp\/v2\/comments?post=8"}],"version-history":[{"count":5,"href":"https:\/\/appdeportiva.com\/index.php\/wp-json\/wp\/v2\/pages\/8\/revisions"}],"predecessor-version":[{"id":36,"href":"https:\/\/appdeportiva.com\/index.php\/wp-json\/wp\/v2\/pages\/8\/revisions\/36"}],"wp:attachment":[{"href":"https:\/\/appdeportiva.com\/index.php\/wp-json\/wp\/v2\/media?parent=8"}],"curies":[{"name":"wp","href":"https:\/\/api.w.org\/{rel}","templated":true}]}}